{"id":80,"date":"2020-04-28T14:00:35","date_gmt":"2020-04-28T14:00:35","guid":{"rendered":"http:\/\/sanberquimica.com\/quimica\/?post_type=product&#038;p=80"},"modified":"2021-09-17T14:31:50","modified_gmt":"2021-09-17T14:31:50","slug":"limpiadores-aromatizantes-desinfectantes-muebles-pisos-glassan","status":"publish","type":"product","link":"https:\/\/sanber.com.mx\/quimicos\/categoria-producto\/limpiadores-aromatizantes-desinfectantes-muebles-pisos-glassan\/","title":{"rendered":"GLASSAN"},"content":{"rendered":"","protected":false},"excerpt":{"rendered":"<p>L\u00edquido limpiador de vidrios, formulado con una alta concentraci\u00f3n de materiales de limpieza para lograr una eliminaci\u00f3n r\u00e1pida, f\u00e1cil y total de cualquier clase de suciedad sobre vidrio, espejos, vidrio automotriz y otras superficies, etc. No deja rayas ni manchas de sales. Producto biodegradable.<\/p>\n[fusion_button link=\"https:\/\/sanber.com.mx\/quimicos\/contacto-empresa-quimicos-industriales-distribuidor-mexico\/\" text_transform=\"\" title=\"Cont\u00e1ctanos\" target=\"_self\" link_attributes=\"\" alignment=\"center\" modal=\"\" hide_on_mobile=\"small-visibility,medium-visibility,large-visibility\" class=\"\" id=\"\" color=\"custom\" button_gradient_top_color=\"#65bc7b\" button_gradient_bottom_color=\"#6eb369\" button_gradient_top_color_hover=\"#6eb369\" button_gradient_bottom_color_hover=\"#65bc7b\" accent_color=\"#ffffff\" accent_hover_color=\"#ffffff\" type=\"\" bevel_color=\"\" border_width=\"\" size=\"large\" stretch=\"default\" shape=\"square\" icon=\"\" icon_position=\"left\" icon_divider=\"no\" animation_type=\"\" animation_direction=\"left\" animation_speed=\"0.3\" animation_offset=\"\"]M\u00c1S INFORMACI\u00d3N[\/fusion_button]\n","protected":false},"featured_media":1872,"template":"","meta":[],"product_brand":[],"product_cat":[20],"product_tag":[],"class_list":{"0":"post-80","1":"product","2":"type-product","3":"status-publish","4":"has-post-thumbnail","6":"product_cat-sanitizante-limpiador-desinfectante-institucional-mexico","7":"product-grid-view","9":"first","10":"instock","11":"shipping-taxable","12":"product-type-simple"},"aioseo_notices":[],"_links":{"self":[{"href":"https:\/\/sanber.com.mx\/quimicos\/wp-json\/wp\/v2\/product\/80","targetHints":{"allow":["GET"]}}],"collection":[{"href":"https:\/\/sanber.com.mx\/quimicos\/wp-json\/wp\/v2\/product"}],"about":[{"href":"https:\/\/sanber.com.mx\/quimicos\/wp-json\/wp\/v2\/types\/product"}],"wp:featuredmedia":[{"embeddable":true,"href":"https:\/\/sanber.com.mx\/quimicos\/wp-json\/wp\/v2\/media\/1872"}],"wp:attachment":[{"href":"https:\/\/sanber.com.mx\/quimicos\/wp-json\/wp\/v2\/media?parent=80"}],"wp:term":[{"taxonomy":"product_brand","embeddable":true,"href":"https:\/\/sanber.com.mx\/quimicos\/wp-json\/wp\/v2\/product_brand?post=80"},{"taxonomy":"product_cat","embeddable":true,"href":"https:\/\/sanber.com.mx\/quimicos\/wp-json\/wp\/v2\/product_cat?post=80"},{"taxonomy":"product_tag","embeddable":true,"href":"https:\/\/sanber.com.mx\/quimicos\/wp-json\/wp\/v2\/product_tag?post=80"}],"curies":[{"name":"wp","href":"https:\/\/api.w.org\/{rel}","templated":true}]}}