{"id":59,"date":"2020-04-27T19:33:49","date_gmt":"2020-04-27T19:33:49","guid":{"rendered":"http:\/\/sanberquimica.com\/quimica\/?post_type=product&#038;p=59"},"modified":"2021-10-22T14:38:38","modified_gmt":"2021-10-22T14:38:38","slug":"desmoldante-poliester-fibra-vidrio-industrial-monterrey","status":"publish","type":"product","link":"https:\/\/sanber.com.mx\/quimicos\/categoria-producto\/desmoldante-poliester-fibra-vidrio-industrial-monterrey\/","title":{"rendered":"DESMOLDANTE MT"},"content":{"rendered":"","protected":false},"excerpt":{"rendered":"<p>Agente para desmoldeo, consistente de una estable emulsi\u00f3n en agua, de una mezcla de ceras naturales con tama\u00f1o de part\u00edcula muy peque\u00f1o, agentes modificadores de la tensi\u00f3n superficial, emulsificantes y otros activos, con m\u00ednima tasa de transferencia y acabados de alto brillo a piezas fabricadas con resinas de poli\u00e9ster y\/o fibra de vidrio.<\/p>\n<p>Provee excelentes caracter\u00edsticas de despegado, resistiendo las altas temperaturas del molde (hasta 475\u00b0C) con una m\u00ednima formaci\u00f3n de humos; resiste la oxidaci\u00f3n, degradaci\u00f3n, carbonizaci\u00f3n y acumulaci\u00f3n en los moldes.<\/p>\n[fusion_button link=\"https:\/\/sanber.com.mx\/quimicos\/contacto-empresa-quimicos-industriales-distribuidor-mexico\/\" text_transform=\"\" title=\"Cont\u00e1ctanos\" target=\"_self\" link_attributes=\"\" alignment=\"center\" modal=\"\" hide_on_mobile=\"small-visibility,medium-visibility,large-visibility\" class=\"\" id=\"\" color=\"custom\" button_gradient_top_color=\"#65bc7b\" button_gradient_bottom_color=\"#6eb369\" button_gradient_top_color_hover=\"#6eb369\" button_gradient_bottom_color_hover=\"#65bc7b\" accent_color=\"#ffffff\" accent_hover_color=\"#ffffff\" type=\"\" bevel_color=\"\" border_width=\"\" size=\"large\" stretch=\"default\" shape=\"square\" icon=\"\" icon_position=\"left\" icon_divider=\"no\" animation_type=\"\" animation_direction=\"left\" animation_speed=\"0.3\" animation_offset=\"\"]M\u00c1S INFORMACI\u00d3N[\/fusion_button]\n","protected":false},"featured_media":2697,"template":"","meta":[],"product_brand":[],"product_cat":[218,118],"product_tag":[],"class_list":{"0":"post-59","1":"product","2":"type-product","3":"status-publish","4":"has-post-thumbnail","6":"product_cat-desmoldantes-plastico-hule-aerosol-monterrey-es","7":"product_cat-quimicos-industrial-limpieza-desengrasantes-lubricantes-monterrey","8":"product-grid-view","10":"first","11":"instock","12":"shipping-taxable","13":"product-type-simple"},"aioseo_notices":[],"_links":{"self":[{"href":"https:\/\/sanber.com.mx\/quimicos\/wp-json\/wp\/v2\/product\/59","targetHints":{"allow":["GET"]}}],"collection":[{"href":"https:\/\/sanber.com.mx\/quimicos\/wp-json\/wp\/v2\/product"}],"about":[{"href":"https:\/\/sanber.com.mx\/quimicos\/wp-json\/wp\/v2\/types\/product"}],"wp:featuredmedia":[{"embeddable":true,"href":"https:\/\/sanber.com.mx\/quimicos\/wp-json\/wp\/v2\/media\/2697"}],"wp:attachment":[{"href":"https:\/\/sanber.com.mx\/quimicos\/wp-json\/wp\/v2\/media?parent=59"}],"wp:term":[{"taxonomy":"product_brand","embeddable":true,"href":"https:\/\/sanber.com.mx\/quimicos\/wp-json\/wp\/v2\/product_brand?post=59"},{"taxonomy":"product_cat","embeddable":true,"href":"https:\/\/sanber.com.mx\/quimicos\/wp-json\/wp\/v2\/product_cat?post=59"},{"taxonomy":"product_tag","embeddable":true,"href":"https:\/\/sanber.com.mx\/quimicos\/wp-json\/wp\/v2\/product_tag?post=59"}],"curies":[{"name":"wp","href":"https:\/\/api.w.org\/{rel}","templated":true}]}}