{"id":227,"date":"2020-04-29T20:04:53","date_gmt":"2020-04-29T20:04:53","guid":{"rendered":"http:\/\/sanberquimica.com\/quimica\/?post_type=product&#038;p=227"},"modified":"2021-09-20T14:22:08","modified_gmt":"2021-09-20T14:22:08","slug":"desoxidante-metales-limpieza-anticorrosivo-proteccion-tratamiento-polysan300","status":"publish","type":"product","link":"https:\/\/sanber.com.mx\/quimicos\/categoria-producto\/desoxidante-metales-limpieza-anticorrosivo-proteccion-tratamiento-polysan300\/","title":{"rendered":"POLYSAN-300"},"content":{"rendered":"","protected":false},"excerpt":{"rendered":"<p>L\u00edquido que consiste en una mezcla de aminas grasas que act\u00faan como inhibidores de la corrosi\u00f3n y el ataque \u00e1cido.<\/p>\n<p>Cuando se agrega a los \u00e1cidos clorh\u00eddrico, sulf\u00farico o fosf\u00f3rico en operaciones de limpieza, adem\u00e1s de inhibir el ataque sobre estos metales, elimina las sales y los \u00f3xidos que est\u00e1n incrustados en las superficies tratadas, de modo que al disolver sales y \u00f3xidos, no causa ning\u00fan ataque sobre las partes met\u00e1licas en contacto con estas soluciones \u00e1cidas.<\/p>\n[fusion_button link=\"https:\/\/sanber.com.mx\/quimicos\/contacto-empresa-quimicos-industriales-distribuidor-mexico\/\" text_transform=\"\" title=\"Cont\u00e1ctanos\" target=\"_self\" link_attributes=\"\" alignment=\"center\" modal=\"\" hide_on_mobile=\"small-visibility,medium-visibility,large-visibility\" class=\"\" id=\"\" color=\"custom\" button_gradient_top_color=\"#65bc7b\" button_gradient_bottom_color=\"#6eb369\" button_gradient_top_color_hover=\"#6eb369\" button_gradient_bottom_color_hover=\"#65bc7b\" accent_color=\"#ffffff\" accent_hover_color=\"#ffffff\" type=\"\" bevel_color=\"\" border_width=\"\" size=\"large\" stretch=\"default\" shape=\"square\" icon=\"\" icon_position=\"left\" icon_divider=\"no\" animation_type=\"\" animation_direction=\"left\" animation_speed=\"0.3\" animation_offset=\"\"]M\u00c1S INFORMACI\u00d3N[\/fusion_button]\n","protected":false},"featured_media":2669,"template":"","meta":[],"product_brand":[],"product_cat":[118,29],"product_tag":[],"class_list":{"0":"post-227","1":"product","2":"type-product","3":"status-publish","4":"has-post-thumbnail","6":"product_cat-quimicos-industrial-limpieza-desengrasantes-lubricantes-monterrey","7":"product_cat-tratamiento-metales-protector-desoxidante-anticorrosion-monterrey","8":"product-grid-view","10":"first","11":"instock","12":"shipping-taxable","13":"product-type-simple"},"aioseo_notices":[],"_links":{"self":[{"href":"https:\/\/sanber.com.mx\/quimicos\/wp-json\/wp\/v2\/product\/227","targetHints":{"allow":["GET"]}}],"collection":[{"href":"https:\/\/sanber.com.mx\/quimicos\/wp-json\/wp\/v2\/product"}],"about":[{"href":"https:\/\/sanber.com.mx\/quimicos\/wp-json\/wp\/v2\/types\/product"}],"wp:featuredmedia":[{"embeddable":true,"href":"https:\/\/sanber.com.mx\/quimicos\/wp-json\/wp\/v2\/media\/2669"}],"wp:attachment":[{"href":"https:\/\/sanber.com.mx\/quimicos\/wp-json\/wp\/v2\/media?parent=227"}],"wp:term":[{"taxonomy":"product_brand","embeddable":true,"href":"https:\/\/sanber.com.mx\/quimicos\/wp-json\/wp\/v2\/product_brand?post=227"},{"taxonomy":"product_cat","embeddable":true,"href":"https:\/\/sanber.com.mx\/quimicos\/wp-json\/wp\/v2\/product_cat?post=227"},{"taxonomy":"product_tag","embeddable":true,"href":"https:\/\/sanber.com.mx\/quimicos\/wp-json\/wp\/v2\/product_tag?post=227"}],"curies":[{"name":"wp","href":"https:\/\/api.w.org\/{rel}","templated":true}]}}