{"id":222,"date":"2020-04-29T19:59:17","date_gmt":"2020-04-29T19:59:17","guid":{"rendered":"http:\/\/sanberquimica.com\/quimica\/?post_type=product&#038;p=222"},"modified":"2021-09-20T14:20:38","modified_gmt":"2021-09-20T14:20:38","slug":"desoxidante-metales-limpieza-anticorrosivo-proteccion-tratamiento-matrix-2505","status":"publish","type":"product","link":"https:\/\/sanber.com.mx\/quimicos\/categoria-producto\/desoxidante-metales-limpieza-anticorrosivo-proteccion-tratamiento-matrix-2505\/","title":{"rendered":"MATRIX 2505"},"content":{"rendered":"","protected":false},"excerpt":{"rendered":"<p>Pasta auxiliar para la eliminaci\u00f3n de \u00f3xidos, micropart\u00edculas de escoria, decoloraciones y contaminantes, sobre superficies de acero inoxidable de todas las series, aleaciones de n\u00edquel y n\u00edquel-cobre. Su consistencia permite que se aplique a cualquier superficie vertical y luego se puede quitar f\u00e1cilmente con agua a presi\u00f3n. No contiene cloruros, \u00e1cido sulf\u00farico ni abrasivos.<\/p>\n[fusion_button link=\"https:\/\/sanber.com.mx\/quimicos\/contacto-empresa-quimicos-industriales-distribuidor-mexico\/\" text_transform=\"\" title=\"Cont\u00e1ctanos\" target=\"_self\" link_attributes=\"\" alignment=\"center\" modal=\"\" hide_on_mobile=\"small-visibility,medium-visibility,large-visibility\" class=\"\" id=\"\" color=\"custom\" button_gradient_top_color=\"#65bc7b\" button_gradient_bottom_color=\"#6eb369\" button_gradient_top_color_hover=\"#6eb369\" button_gradient_bottom_color_hover=\"#65bc7b\" accent_color=\"#ffffff\" accent_hover_color=\"#ffffff\" type=\"\" bevel_color=\"\" border_width=\"\" size=\"large\" stretch=\"default\" shape=\"square\" icon=\"\" icon_position=\"left\" icon_divider=\"no\" animation_type=\"\" animation_direction=\"left\" animation_speed=\"0.3\" animation_offset=\"\"]M\u00c1S INFORMACI\u00d3N[\/fusion_button]\n","protected":false},"featured_media":2637,"template":"","meta":[],"product_brand":[],"product_cat":[118,29],"product_tag":[],"class_list":{"0":"post-222","1":"product","2":"type-product","3":"status-publish","4":"has-post-thumbnail","6":"product_cat-quimicos-industrial-limpieza-desengrasantes-lubricantes-monterrey","7":"product_cat-tratamiento-metales-protector-desoxidante-anticorrosion-monterrey","8":"product-grid-view","10":"first","11":"instock","12":"shipping-taxable","13":"product-type-simple"},"aioseo_notices":[],"_links":{"self":[{"href":"https:\/\/sanber.com.mx\/quimicos\/wp-json\/wp\/v2\/product\/222","targetHints":{"allow":["GET"]}}],"collection":[{"href":"https:\/\/sanber.com.mx\/quimicos\/wp-json\/wp\/v2\/product"}],"about":[{"href":"https:\/\/sanber.com.mx\/quimicos\/wp-json\/wp\/v2\/types\/product"}],"wp:featuredmedia":[{"embeddable":true,"href":"https:\/\/sanber.com.mx\/quimicos\/wp-json\/wp\/v2\/media\/2637"}],"wp:attachment":[{"href":"https:\/\/sanber.com.mx\/quimicos\/wp-json\/wp\/v2\/media?parent=222"}],"wp:term":[{"taxonomy":"product_brand","embeddable":true,"href":"https:\/\/sanber.com.mx\/quimicos\/wp-json\/wp\/v2\/product_brand?post=222"},{"taxonomy":"product_cat","embeddable":true,"href":"https:\/\/sanber.com.mx\/quimicos\/wp-json\/wp\/v2\/product_cat?post=222"},{"taxonomy":"product_tag","embeddable":true,"href":"https:\/\/sanber.com.mx\/quimicos\/wp-json\/wp\/v2\/product_tag?post=222"}],"curies":[{"name":"wp","href":"https:\/\/api.w.org\/{rel}","templated":true}]}}