{"id":204,"date":"2020-04-29T18:57:20","date_gmt":"2020-04-29T18:57:20","guid":{"rendered":"http:\/\/sanberquimica.com\/quimica\/?post_type=product&#038;p=204"},"modified":"2021-08-24T14:18:22","modified_gmt":"2021-08-24T14:18:22","slug":"limpiadores-pisos-industriales-pulidor-tratamiento-recubrimiento-sb1040","status":"publish","type":"product","link":"https:\/\/sanber.com.mx\/quimicos\/categoria-producto\/limpiadores-pisos-industriales-pulidor-tratamiento-recubrimiento-sb1040\/","title":{"rendered":"SB-1040"},"content":{"rendered":"","protected":false},"excerpt":{"rendered":"<p>L\u00edquido ep\u00f3xico para revestimiento de pisos, indicado para \u00e1reas sujetas a cargas pesadas e impactos, producido por el tr\u00e1fico y la operaci\u00f3n de maquinaria pesada. \u00datil cuando se requiere mejorar las caracter\u00edsticas de seguridad, limpieza y saneamiento, y reducir los costos de mantenimiento en f\u00e1bricas, talleres mec\u00e1nicos, procesadores de alimentos, almacenes, laboratorios qu\u00edmicos y farmac\u00e9uticos, \u00e1reas de carga y descarga, estacionamientos, etc. Acabado ligeramente amarillento.<\/p>\n[fusion_button link=\"https:\/\/sanber.com.mx\/quimicos\/contacto-empresa-quimicos-industriales-distribuidor-mexico\/\" text_transform=\"\" title=\"Cont\u00e1ctanos\" target=\"_self\" link_attributes=\"\" alignment=\"center\" modal=\"\" hide_on_mobile=\"small-visibility,medium-visibility,large-visibility\" class=\"\" id=\"\" color=\"custom\" button_gradient_top_color=\"#65bc7b\" button_gradient_bottom_color=\"#6eb369\" button_gradient_top_color_hover=\"#6eb369\" button_gradient_bottom_color_hover=\"#65bc7b\" accent_color=\"#ffffff\" accent_hover_color=\"#ffffff\" type=\"\" bevel_color=\"\" border_width=\"\" size=\"large\" stretch=\"default\" shape=\"square\" icon=\"\" icon_position=\"left\" icon_divider=\"no\" animation_type=\"\" animation_direction=\"left\" animation_speed=\"0.3\" animation_offset=\"\"]M\u00c1S INFORMACI\u00d3N[\/fusion_button]\n","protected":false},"featured_media":2755,"template":"","meta":[],"product_brand":[],"product_cat":[118,28],"product_tag":[],"class_list":{"0":"post-204","1":"product","2":"type-product","3":"status-publish","4":"has-post-thumbnail","6":"product_cat-quimicos-industrial-limpieza-desengrasantes-lubricantes-monterrey","7":"product_cat-tratamiento-pisos-industriales-concreto-epoxi-mexico","8":"product-grid-view","10":"first","11":"instock","12":"shipping-taxable","13":"product-type-simple"},"aioseo_notices":[],"_links":{"self":[{"href":"https:\/\/sanber.com.mx\/quimicos\/wp-json\/wp\/v2\/product\/204","targetHints":{"allow":["GET"]}}],"collection":[{"href":"https:\/\/sanber.com.mx\/quimicos\/wp-json\/wp\/v2\/product"}],"about":[{"href":"https:\/\/sanber.com.mx\/quimicos\/wp-json\/wp\/v2\/types\/product"}],"wp:featuredmedia":[{"embeddable":true,"href":"https:\/\/sanber.com.mx\/quimicos\/wp-json\/wp\/v2\/media\/2755"}],"wp:attachment":[{"href":"https:\/\/sanber.com.mx\/quimicos\/wp-json\/wp\/v2\/media?parent=204"}],"wp:term":[{"taxonomy":"product_brand","embeddable":true,"href":"https:\/\/sanber.com.mx\/quimicos\/wp-json\/wp\/v2\/product_brand?post=204"},{"taxonomy":"product_cat","embeddable":true,"href":"https:\/\/sanber.com.mx\/quimicos\/wp-json\/wp\/v2\/product_cat?post=204"},{"taxonomy":"product_tag","embeddable":true,"href":"https:\/\/sanber.com.mx\/quimicos\/wp-json\/wp\/v2\/product_tag?post=204"}],"curies":[{"name":"wp","href":"https:\/\/api.w.org\/{rel}","templated":true}]}}