{"id":191,"date":"2020-04-29T18:14:53","date_gmt":"2020-04-29T18:14:53","guid":{"rendered":"http:\/\/sanberquimica.com\/quimica\/?post_type=product&#038;p=191"},"modified":"2021-08-23T17:47:45","modified_gmt":"2021-08-23T17:47:45","slug":"removedor-pisos-industriales-selladores-recubrimiento-demobrilplus","status":"publish","type":"product","link":"https:\/\/sanber.com.mx\/quimicos\/categoria-producto\/removedor-pisos-industriales-selladores-recubrimiento-demobrilplus\/","title":{"rendered":"DEMOBRIL PLUS"},"content":{"rendered":"","protected":false},"excerpt":{"rendered":"<p>Extraordinario removedor de recubrimientos industriales, con caracter\u00edsticas superiores a las del anterior, en t\u00e9rminos de efectividad, velocidad y selectividad. Producto ideal para eliminar pr\u00e1cticamente cualquier sellador de pisos o pintura industrial.<\/p>\n[fusion_button link=\"http:\/\/sanber.com.mx\/quimicos\/contacto-empresa-quimicos-industriales-distribuidor-mexico\/\" text_transform=\"\" title=\"Cont\u00e1ctanos\" target=\"_self\" link_attributes=\"\" alignment=\"center\" modal=\"\" hide_on_mobile=\"small-visibility,medium-visibility,large-visibility\" class=\"\" id=\"\" color=\"custom\" button_gradient_top_color=\"#65bc7b\" button_gradient_bottom_color=\"#6eb369\" button_gradient_top_color_hover=\"#6eb369\" button_gradient_bottom_color_hover=\"#65bc7b\" accent_color=\"#ffffff\" accent_hover_color=\"#ffffff\" type=\"\" bevel_color=\"\" border_width=\"\" size=\"large\" stretch=\"default\" shape=\"square\" icon=\"\" icon_position=\"left\" icon_divider=\"no\" animation_type=\"\" animation_direction=\"left\" animation_speed=\"0.3\" animation_offset=\"\"]M\u00c1S INFORMACI\u00d3N[\/fusion_button]\n<div class=\"fusion-button-wrapper\"><\/div>\n<div class=\"fusion-button-wrapper\"><\/div>\n<p>&nbsp;<\/p>\n<p>&nbsp;<\/p>\n<div class=\"fusion-button-wrapper\"><\/div>\n","protected":false},"featured_media":2735,"template":"","meta":[],"product_brand":[],"product_cat":[28],"product_tag":[],"class_list":{"0":"post-191","1":"product","2":"type-product","3":"status-publish","4":"has-post-thumbnail","6":"product_cat-tratamiento-pisos-industriales-concreto-epoxi-mexico","7":"product-grid-view","9":"first","10":"instock","11":"shipping-taxable","12":"product-type-simple"},"aioseo_notices":[],"_links":{"self":[{"href":"https:\/\/sanber.com.mx\/quimicos\/wp-json\/wp\/v2\/product\/191","targetHints":{"allow":["GET"]}}],"collection":[{"href":"https:\/\/sanber.com.mx\/quimicos\/wp-json\/wp\/v2\/product"}],"about":[{"href":"https:\/\/sanber.com.mx\/quimicos\/wp-json\/wp\/v2\/types\/product"}],"wp:featuredmedia":[{"embeddable":true,"href":"https:\/\/sanber.com.mx\/quimicos\/wp-json\/wp\/v2\/media\/2735"}],"wp:attachment":[{"href":"https:\/\/sanber.com.mx\/quimicos\/wp-json\/wp\/v2\/media?parent=191"}],"wp:term":[{"taxonomy":"product_brand","embeddable":true,"href":"https:\/\/sanber.com.mx\/quimicos\/wp-json\/wp\/v2\/product_brand?post=191"},{"taxonomy":"product_cat","embeddable":true,"href":"https:\/\/sanber.com.mx\/quimicos\/wp-json\/wp\/v2\/product_cat?post=191"},{"taxonomy":"product_tag","embeddable":true,"href":"https:\/\/sanber.com.mx\/quimicos\/wp-json\/wp\/v2\/product_tag?post=191"}],"curies":[{"name":"wp","href":"https:\/\/api.w.org\/{rel}","templated":true}]}}