{"id":178,"date":"2020-04-29T17:34:56","date_gmt":"2020-04-29T17:34:56","guid":{"rendered":"http:\/\/sanberquimica.com\/quimica\/?post_type=product&#038;p=178"},"modified":"2021-08-25T17:08:35","modified_gmt":"2021-08-25T17:08:35","slug":"removedor-silicona-autopartes-adhesivo-poliuretano-remosil","status":"publish","type":"product","link":"https:\/\/sanber.com.mx\/quimicos\/categoria-producto\/removedor-silicona-autopartes-adhesivo-poliuretano-remosil\/","title":{"rendered":"REMOSIL"},"content":{"rendered":"","protected":false},"excerpt":{"rendered":"<p>\u00datil en la fabricaci\u00f3n de arneses y componentes automotrices. Elimina f\u00e1cilmente los residuos de silicona y ayuda a proporcionar una mayor adhesi\u00f3n de las piezas de poliuretano a otros materiales utilizados para recubrirlos, como en la fabricaci\u00f3n de volantes de autom\u00f3viles.<\/p>\n[fusion_button link=\"https:\/\/sanber.com.mx\/quimicos\/contacto-empresa-quimicos-industriales-distribuidor-mexico\/\" text_transform=\"\" title=\"Cont\u00e1ctanos\" target=\"_self\" link_attributes=\"\" alignment=\"center\" modal=\"\" hide_on_mobile=\"small-visibility,medium-visibility,large-visibility\" class=\"\" id=\"\" color=\"custom\" button_gradient_top_color=\"#65bc7b\" button_gradient_bottom_color=\"#6eb369\" button_gradient_top_color_hover=\"#6eb369\" button_gradient_bottom_color_hover=\"#65bc7b\" accent_color=\"#ffffff\" accent_hover_color=\"#ffffff\" type=\"\" bevel_color=\"\" border_width=\"\" size=\"large\" stretch=\"default\" shape=\"square\" icon=\"\" icon_position=\"left\" icon_divider=\"no\" animation_type=\"\" animation_direction=\"left\" animation_speed=\"0.3\" animation_offset=\"\"]M\u00c1S INFORMACI\u00d3N[\/fusion_button]\n","protected":false},"featured_media":2809,"template":"","meta":[],"product_brand":[],"product_cat":[26],"product_tag":[],"class_list":{"0":"post-178","1":"product","2":"type-product","3":"status-publish","4":"has-post-thumbnail","6":"product_cat-miscelaneos-quimicos-especiales-proveedores-fabricantes-mexico","7":"product-grid-view","9":"first","10":"instock","11":"shipping-taxable","12":"product-type-simple"},"aioseo_notices":[],"_links":{"self":[{"href":"https:\/\/sanber.com.mx\/quimicos\/wp-json\/wp\/v2\/product\/178","targetHints":{"allow":["GET"]}}],"collection":[{"href":"https:\/\/sanber.com.mx\/quimicos\/wp-json\/wp\/v2\/product"}],"about":[{"href":"https:\/\/sanber.com.mx\/quimicos\/wp-json\/wp\/v2\/types\/product"}],"wp:featuredmedia":[{"embeddable":true,"href":"https:\/\/sanber.com.mx\/quimicos\/wp-json\/wp\/v2\/media\/2809"}],"wp:attachment":[{"href":"https:\/\/sanber.com.mx\/quimicos\/wp-json\/wp\/v2\/media?parent=178"}],"wp:term":[{"taxonomy":"product_brand","embeddable":true,"href":"https:\/\/sanber.com.mx\/quimicos\/wp-json\/wp\/v2\/product_brand?post=178"},{"taxonomy":"product_cat","embeddable":true,"href":"https:\/\/sanber.com.mx\/quimicos\/wp-json\/wp\/v2\/product_cat?post=178"},{"taxonomy":"product_tag","embeddable":true,"href":"https:\/\/sanber.com.mx\/quimicos\/wp-json\/wp\/v2\/product_tag?post=178"}],"curies":[{"name":"wp","href":"https:\/\/api.w.org\/{rel}","templated":true}]}}