{"id":138,"date":"2020-04-28T17:12:43","date_gmt":"2020-04-28T17:12:43","guid":{"rendered":"http:\/\/sanberquimica.com\/quimica\/?post_type=product&#038;p=138"},"modified":"2021-09-14T19:51:55","modified_gmt":"2021-09-14T19:51:55","slug":"lubricante-soluble-industrial-embutido-estampado-bm900","status":"publish","type":"product","link":"https:\/\/sanber.com.mx\/quimicos\/categoria-producto\/lubricante-soluble-industrial-embutido-estampado-bm900\/","title":{"rendered":"BM-900"},"content":{"rendered":"","protected":false},"excerpt":{"rendered":"<p>Lubricante sint\u00e9tico, totalmente soluble en agua, para estampado, conformado en fr\u00edo y otras operaciones sobre materiales de acero y acero inoxidable. Sus aditivos especiales le dan un alto grado de lubricidad, lo que resulta en una reducci\u00f3n significativa de la fricci\u00f3n entre las superficies met\u00e1licas bajo presi\u00f3n extrema. Producto 100% biodegradable, f\u00e1cil de eliminar con agua. No contiene f\u00f3sforo, azufre, fenoles, siliconas, cloro ni aceites.<\/p>\n[fusion_button link=\"https:\/\/sanber.com.mx\/quimicos\/contacto-empresa-quimicos-industriales-distribuidor-mexico\/\" text_transform=\"\" title=\"Cont\u00e1ctanos\" target=\"_self\" link_attributes=\"\" alignment=\"center\" modal=\"\" hide_on_mobile=\"small-visibility,medium-visibility,large-visibility\" class=\"\" id=\"\" color=\"custom\" button_gradient_top_color=\"#65bc7b\" button_gradient_bottom_color=\"#6eb369\" button_gradient_top_color_hover=\"#6eb369\" button_gradient_bottom_color_hover=\"#65bc7b\" accent_color=\"#ffffff\" accent_hover_color=\"#ffffff\" type=\"\" bevel_color=\"\" border_width=\"\" size=\"large\" stretch=\"default\" shape=\"square\" icon=\"\" icon_position=\"left\" icon_divider=\"no\" animation_type=\"\" animation_direction=\"left\" animation_speed=\"0.3\" animation_offset=\"\"]M\u00c1S INFORMACI\u00d3N[\/fusion_button]\n","protected":false},"featured_media":2714,"template":"","meta":[],"product_brand":[],"product_cat":[25],"product_tag":[],"class_list":{"0":"post-138","1":"product","2":"type-product","3":"status-publish","4":"has-post-thumbnail","6":"product_cat-lubricantes-industriales-monterrey-refrigerantes-metales-mexico","7":"product-grid-view","9":"first","10":"instock","11":"shipping-taxable","12":"product-type-simple"},"aioseo_notices":[],"_links":{"self":[{"href":"https:\/\/sanber.com.mx\/quimicos\/wp-json\/wp\/v2\/product\/138","targetHints":{"allow":["GET"]}}],"collection":[{"href":"https:\/\/sanber.com.mx\/quimicos\/wp-json\/wp\/v2\/product"}],"about":[{"href":"https:\/\/sanber.com.mx\/quimicos\/wp-json\/wp\/v2\/types\/product"}],"wp:featuredmedia":[{"embeddable":true,"href":"https:\/\/sanber.com.mx\/quimicos\/wp-json\/wp\/v2\/media\/2714"}],"wp:attachment":[{"href":"https:\/\/sanber.com.mx\/quimicos\/wp-json\/wp\/v2\/media?parent=138"}],"wp:term":[{"taxonomy":"product_brand","embeddable":true,"href":"https:\/\/sanber.com.mx\/quimicos\/wp-json\/wp\/v2\/product_brand?post=138"},{"taxonomy":"product_cat","embeddable":true,"href":"https:\/\/sanber.com.mx\/quimicos\/wp-json\/wp\/v2\/product_cat?post=138"},{"taxonomy":"product_tag","embeddable":true,"href":"https:\/\/sanber.com.mx\/quimicos\/wp-json\/wp\/v2\/product_tag?post=138"}],"curies":[{"name":"wp","href":"https:\/\/api.w.org\/{rel}","templated":true}]}}