{"id":137,"date":"2020-04-28T16:52:24","date_gmt":"2020-04-28T16:52:24","guid":{"rendered":"http:\/\/sanberquimica.com\/quimica\/?post_type=product&#038;p=137"},"modified":"2021-09-14T18:36:46","modified_gmt":"2021-09-14T18:36:46","slug":"lubricantes-refrigerantes-industriales-embutido-estampado-acualubg","status":"publish","type":"product","link":"https:\/\/sanber.com.mx\/quimicos\/categoria-producto\/lubricantes-refrigerantes-industriales-embutido-estampado-acualubg\/","title":{"rendered":"ACUALUB \u2013 G"},"content":{"rendered":"","protected":false},"excerpt":{"rendered":"<p>Gel transparente ligeramente amarillo, cuya funci\u00f3n es enfriar, lubricar y proteger herramientas y piezas tratadas durante el doblado, corte y estampado de metales ferrosos y no ferrosos. Contiene aditivos de lubricidad y presi\u00f3n extrema para extender la vida \u00fatil de la herramienta, siendo posible soldar piezas a trav\u00e9s de este gel, sin generar humos nocivos.<\/p>\n<p>Los recientes avances en la tecnolog\u00eda de pol\u00edmeros acuosos han permitido desarrollar este material avanzado, con ventajas significativas sobre los lubricantes tradicionales a base de solventes. Si se requiere un lavado final de las piezas mecanizadas, simplemente se pueden lavar con agua.<\/p>\n[fusion_button link=\"https:\/\/sanber.com.mx\/quimicos\/contacto-empresa-quimicos-industriales-distribuidor-mexico\/\" text_transform=\"\" title=\"Cont\u00e1ctanos\" target=\"_self\" link_attributes=\"\" alignment=\"center\" modal=\"\" hide_on_mobile=\"small-visibility,medium-visibility,large-visibility\" class=\"\" id=\"\" color=\"custom\" button_gradient_top_color=\"#65bc7b\" button_gradient_bottom_color=\"#6eb369\" button_gradient_top_color_hover=\"#6eb369\" button_gradient_bottom_color_hover=\"#65bc7b\" accent_color=\"#ffffff\" accent_hover_color=\"#ffffff\" type=\"\" bevel_color=\"\" border_width=\"\" size=\"large\" stretch=\"default\" shape=\"square\" icon=\"\" icon_position=\"left\" icon_divider=\"no\" animation_type=\"\" animation_direction=\"left\" animation_speed=\"0.3\" animation_offset=\"\"]M\u00c1S INFORMACI\u00d3N[\/fusion_button]\n","protected":false},"featured_media":3072,"template":"","meta":[],"product_brand":[],"product_cat":[25,118],"product_tag":[],"class_list":{"0":"post-137","1":"product","2":"type-product","3":"status-publish","4":"has-post-thumbnail","6":"product_cat-lubricantes-industriales-monterrey-refrigerantes-metales-mexico","7":"product_cat-quimicos-industrial-limpieza-desengrasantes-lubricantes-monterrey","8":"product-grid-view","10":"first","11":"instock","12":"shipping-taxable","13":"product-type-simple"},"aioseo_notices":[],"_links":{"self":[{"href":"https:\/\/sanber.com.mx\/quimicos\/wp-json\/wp\/v2\/product\/137","targetHints":{"allow":["GET"]}}],"collection":[{"href":"https:\/\/sanber.com.mx\/quimicos\/wp-json\/wp\/v2\/product"}],"about":[{"href":"https:\/\/sanber.com.mx\/quimicos\/wp-json\/wp\/v2\/types\/product"}],"wp:featuredmedia":[{"embeddable":true,"href":"https:\/\/sanber.com.mx\/quimicos\/wp-json\/wp\/v2\/media\/3072"}],"wp:attachment":[{"href":"https:\/\/sanber.com.mx\/quimicos\/wp-json\/wp\/v2\/media?parent=137"}],"wp:term":[{"taxonomy":"product_brand","embeddable":true,"href":"https:\/\/sanber.com.mx\/quimicos\/wp-json\/wp\/v2\/product_brand?post=137"},{"taxonomy":"product_cat","embeddable":true,"href":"https:\/\/sanber.com.mx\/quimicos\/wp-json\/wp\/v2\/product_cat?post=137"},{"taxonomy":"product_tag","embeddable":true,"href":"https:\/\/sanber.com.mx\/quimicos\/wp-json\/wp\/v2\/product_tag?post=137"}],"curies":[{"name":"wp","href":"https:\/\/api.w.org\/{rel}","templated":true}]}}