{"id":118,"date":"2020-04-28T15:34:57","date_gmt":"2020-04-28T15:34:57","guid":{"rendered":"http:\/\/sanberquimica.com\/quimica\/?post_type=product&#038;p=118"},"modified":"2021-09-21T16:29:31","modified_gmt":"2021-09-21T16:29:31","slug":"desengrasantes-industriales-metales-biodegradables-maquinaria-pa95d","status":"publish","type":"product","link":"https:\/\/sanber.com.mx\/quimicos\/categoria-producto\/desengrasantes-industriales-metales-biodegradables-maquinaria-pa95d\/","title":{"rendered":"PA-95D"},"content":{"rendered":"","protected":false},"excerpt":{"rendered":"<p>Desengrasante l\u00edquido fuertemente alcalino, cuya formulaci\u00f3n incluye una serie de secuestrantes, humectantes y tensioactivos que permiten un control completo y efectivo sobre la formaci\u00f3n de dep\u00f3sitos de lodos y sales, que normalmente se forman durante los procesos de desengrase de metales. Este producto elimina f\u00e1cilmente grasas, aceites, compuestos org\u00e1nicos de mecanizado y productos de pulido sobre todas las superficies de piezas de hierro y sus diferentes aleaciones, as\u00ed como bronce, n\u00edquel y cobre.<\/p>\n[fusion_button link=\"https:\/\/sanber.com.mx\/quimicos\/contacto-empresa-quimicos-industriales-distribuidor-mexico\/\" text_transform=\"\" title=\"Cont\u00e1ctanos\" target=\"_self\" link_attributes=\"\" alignment=\"center\" modal=\"\" hide_on_mobile=\"small-visibility,medium-visibility,large-visibility\" class=\"\" id=\"\" color=\"custom\" button_gradient_top_color=\"#65bc7b\" button_gradient_bottom_color=\"#6eb369\" button_gradient_top_color_hover=\"#6eb369\" button_gradient_bottom_color_hover=\"#65bc7b\" accent_color=\"#ffffff\" accent_hover_color=\"#ffffff\" type=\"\" bevel_color=\"\" border_width=\"\" size=\"large\" stretch=\"default\" shape=\"square\" icon=\"\" icon_position=\"left\" icon_divider=\"no\" animation_type=\"\" animation_direction=\"left\" animation_speed=\"0.3\" animation_offset=\"\"]M\u00c1S INFORMACI\u00d3N[\/fusion_button]\n","protected":false},"featured_media":2551,"template":"","meta":[],"product_brand":[],"product_cat":[354,23],"product_tag":[],"class_list":{"0":"post-118","1":"product","2":"type-product","3":"status-publish","4":"has-post-thumbnail","6":"product_cat-limpiadores-y-desengrasantes","7":"product_cat-fosfatizante-desoxidante-metales-tratamiento-industrial-mexico","8":"product-grid-view","10":"first","11":"instock","12":"shipping-taxable","13":"product-type-simple"},"aioseo_notices":[],"_links":{"self":[{"href":"https:\/\/sanber.com.mx\/quimicos\/wp-json\/wp\/v2\/product\/118","targetHints":{"allow":["GET"]}}],"collection":[{"href":"https:\/\/sanber.com.mx\/quimicos\/wp-json\/wp\/v2\/product"}],"about":[{"href":"https:\/\/sanber.com.mx\/quimicos\/wp-json\/wp\/v2\/types\/product"}],"wp:featuredmedia":[{"embeddable":true,"href":"https:\/\/sanber.com.mx\/quimicos\/wp-json\/wp\/v2\/media\/2551"}],"wp:attachment":[{"href":"https:\/\/sanber.com.mx\/quimicos\/wp-json\/wp\/v2\/media?parent=118"}],"wp:term":[{"taxonomy":"product_brand","embeddable":true,"href":"https:\/\/sanber.com.mx\/quimicos\/wp-json\/wp\/v2\/product_brand?post=118"},{"taxonomy":"product_cat","embeddable":true,"href":"https:\/\/sanber.com.mx\/quimicos\/wp-json\/wp\/v2\/product_cat?post=118"},{"taxonomy":"product_tag","embeddable":true,"href":"https:\/\/sanber.com.mx\/quimicos\/wp-json\/wp\/v2\/product_tag?post=118"}],"curies":[{"name":"wp","href":"https:\/\/api.w.org\/{rel}","templated":true}]}}