{"id":713,"date":"2020-05-06T15:28:12","date_gmt":"2020-05-06T15:28:12","guid":{"rendered":"http:\/\/sanberquimica.com\/quimica\/?page_id=713"},"modified":"2020-07-15T03:05:35","modified_gmt":"2020-07-15T03:05:35","slug":"politica-de-privacidad","status":"publish","type":"page","link":"https:\/\/sanber.com.mx\/quimicos\/politica-de-privacidad\/","title":{"rendered":"Pol\u00edtica de privacidad"},"content":{"rendered":"<p>En atenci\u00f3n a la ley federal de protecci\u00f3n de datos personales en posesi\u00f3n de los particulares vigente en M\u00e9xico, le informamos que esta pol\u00edtica de privacidad de datos personales describe como\u00a0<strong>Industrias Sanber S.A. de C.V.<\/strong>\u00a0podr\u00eda recolectar y usar informaci\u00f3n proporcionada por usted o cualquier usuario de este sitio web.<\/p>\n<p>1. Los usuarios de nuestro sitio web podr\u00e1n visitarlo sin revelar ninguna informaci\u00f3n personal. Nuestro servidor web no recaba direcciones de correo electr\u00f3nico, a menos que usted nos las proporcione. Pero s\u00ed recabamos el nombre de dominio del sitio donde se origina la conexi\u00f3n o su n\u00famero de IP. Esta informaci\u00f3n se utiliza en la informaci\u00f3n global para cuantificar las p\u00e1ginas visitadas, el tiempo invertido en las visitas a este sitio y la cantidad de visitas. Utilizamos esta informaci\u00f3n para mejorar el contenido de nuestro sitio web.<\/p>\n<p>2. Industrias Sanber S.A. de C.V. recopila solamente la informaci\u00f3n que en esta p\u00e1gina solicita con los siguientes prop\u00f3sitos:<br \/>\n(a) Fines de identificaci\u00f3n (b) Fines estad\u00edsticos y\/o (c) Para eventualmente contactarlo v\u00eda correo electr\u00f3nico con el fin de responder a su solicitud o darlo de alta en nuestro bolet\u00edn informativo, para monitorear la frecuencia de su uso en nuestro sitio web para administraci\u00f3n interna y prop\u00f3sitos de an\u00e1lisis.<\/p>\n<p>En la recolecci\u00f3n de datos personales seguimos todos los principios que marca la Ley (art\u00edculo 6): licitud, calidad, consentimiento, informaci\u00f3n, finalidad, lealtad, proporcionalidad y responsabilidad.<\/p>\n<p>3. Sus datos personales jam\u00e1s ser\u00e1n divulgados ni compartidos con terceros (no habr\u00e1 transferencia de datos), ni se les dar\u00e1 un uso distinto al se\u00f1alado en el punto 1 anterior, salvo que medie un cambio en esta pol\u00edtica de privacidad. No obstante, nosotros podemos contratar a un tercero externo para manejar y administrar este portal y para que nos apoye a entender c\u00f3mo los visitantes lo utilizan. A\u00fan cuando este tercero puede recolectar informaci\u00f3n sobre usted en nuestro nombre, nosotros controlamos el uso de esa informaci\u00f3n de acuerdo con este aviso. No comercializamos, vendemos o rentamos informaci\u00f3n personal sobre usted a un tercero sin un consentimiento previo de su parte o a solicitud expresa del usuario como pudiera ser en los casos de fusi\u00f3n, adquisici\u00f3n o venta de activos que efect\u00fae Industrias Sanber S.A. de C.V..<\/p>\n<p>4. Este sitio web tiene ligas a otros sitios externos, de los cuales el contenido y pol\u00edticas de privacidad no son responsabilidad de Industrias Sanber S.A. de C.V..<\/p>\n<p>5. Los usuarios del presente sitio web tienen reconocidos y podr\u00e1n ejercitar los derechos de acceso, cancelaci\u00f3n, rectificaci\u00f3n y oposici\u00f3n, enviando directamente su solicitud a trav\u00e9s de la cuenta de correo info@sanber.com.mx. Dicha solicitud deber\u00e1 contener: nombre y correo electr\u00f3nico para comunicarle la respuesta a su solicitud.<\/p>\n<p>6. En el presente sitio web Industrias Sanber S.A. de C.V. no recaba datos personales sensibles de los usuarios. No obstante, si se diera el caso, se obtendr\u00e1 el consentimiento expreso y por escrito del titular para su tratamiento, a trav\u00e9s de su firma aut\u00f3grafa, firma electr\u00f3nica, o cualquier mecanismo de autenticaci\u00f3n.<\/p>\n<p>7. Esta pol\u00edtica de privacidad cumple con los requisitos que marca la Ley (art\u00edculos 15 y 16).<\/p>\n<p>8. En caso de que exista alg\u00fan cambio en esta pol\u00edtica de privacidad, se le comunicar\u00e1 a los usuarios del Portal de la siguiente manera: (a) envi\u00e1ndole un correo electr\u00f3nico a la cuenta que ha registrado en este Portal y\/o (b) publicando una nota visible en nuestro Portal. No seremos responsables si usted no recibe la notificaci\u00f3n de cambio en la pol\u00edtica de privacidad si existiere alg\u00fan problema con su cuenta de correo electr\u00f3nico, de transmisi\u00f3n de datos por internet o si no se tuvo acceso al sitio web por cualquier causa no imputable a Industrias Sanber S.A. de C.V.<\/p>\n<p>Nos reservamos el derecho de cambiar esta pol\u00edtica de privacidad en cualquier momento. Las leyes y regulaciones de diferentes pa\u00edses pueden imponer diferentes requerimientos (e inclusive conflictos) en el Internet y la protecci\u00f3n de la informaci\u00f3n.<\/p>\n<p>Nuestra empresa se encuentra ubicada en M\u00e9xico y todos los asuntos en relaci\u00f3n a este Sitio Web son regidos por las leyes de M\u00e9xico. Si Usted est\u00e1 ubicado en alg\u00fan otro pa\u00eds fuera de M\u00e9xico y nos contacta, por favor tome en cuenta que cualquier informaci\u00f3n que Usted nos provea ser\u00e1 transferida a M\u00e9xico y al momento de ingresar su informaci\u00f3n Usted autoriza esta transferencia y la aceptaci\u00f3n de la presente pol\u00edtica de privacidad.<\/p>\n<p>Agradecemos su confianza y preferencia, en Industrias Sanber S.A. de C.V. estamos para servirle.<\/p>\n<p><strong>Industrias San-Ber S.A. de C.V.<\/strong><br \/>\nAve. Sider\u00fargica 120, Parque Industrial Escobedo<br \/>\nEscobedo N.L. M\u00e9xico. C.P. 66062<br \/>\nConmutador. +52 (81) 83.84.85.25 Fax. +52 (81) 83.84.85.26<br \/>\ninfo@sanber.com.mx<\/p>\n","protected":false},"excerpt":{"rendered":"<p>En atenci\u00f3n a la ley federal de protecci\u00f3n de datos [&hellip;]<\/p>\n","protected":false},"author":1,"featured_media":0,"parent":0,"menu_order":0,"comment_status":"closed","ping_status":"closed","template":"","meta":{"footnotes":""},"class_list":["post-713","page","type-page","status-publish","hentry"],"aioseo_notices":[],"_links":{"self":[{"href":"https:\/\/sanber.com.mx\/quimicos\/wp-json\/wp\/v2\/pages\/713","targetHints":{"allow":["GET"]}}],"collection":[{"href":"https:\/\/sanber.com.mx\/quimicos\/wp-json\/wp\/v2\/pages"}],"about":[{"href":"https:\/\/sanber.com.mx\/quimicos\/wp-json\/wp\/v2\/types\/page"}],"author":[{"embeddable":true,"href":"https:\/\/sanber.com.mx\/quimicos\/wp-json\/wp\/v2\/users\/1"}],"replies":[{"embeddable":true,"href":"https:\/\/sanber.com.mx\/quimicos\/wp-json\/wp\/v2\/comments?post=713"}],"version-history":[{"count":1,"href":"https:\/\/sanber.com.mx\/quimicos\/wp-json\/wp\/v2\/pages\/713\/revisions"}],"predecessor-version":[{"id":714,"href":"https:\/\/sanber.com.mx\/quimicos\/wp-json\/wp\/v2\/pages\/713\/revisions\/714"}],"wp:attachment":[{"href":"https:\/\/sanber.com.mx\/quimicos\/wp-json\/wp\/v2\/media?parent=713"}],"curies":[{"name":"wp","href":"https:\/\/api.w.org\/{rel}","templated":true}]}}