{"id":247,"date":"2020-05-01T15:33:18","date_gmt":"2020-05-01T15:33:18","guid":{"rendered":"http:\/\/sanberquimica.com\/quimica\/?page_id=247"},"modified":"2025-07-02T20:16:47","modified_gmt":"2025-07-02T20:16:47","slug":"videos-empresa-industrias-quimicas-monterrey-mexico","status":"publish","type":"page","link":"https:\/\/sanber.com.mx\/quimicos\/videos-empresa-industrias-quimicas-monterrey-mexico\/","title":{"rendered":"Videos"},"content":{"rendered":"<div class=\"fusion-fullwidth fullwidth-box fusion-builder-row-1 nonhundred-percent-fullwidth non-hundred-percent-height-scrolling\"  style='background-color: rgba(255,255,255,0);background-position: center center;background-repeat: no-repeat;padding-top:0px;padding-right:0px;padding-bottom:0px;padding-left:0px;'><div class=\"fusion-builder-row fusion-row \"><div  class=\"fusion-layout-column fusion_builder_column fusion_builder_column_1_1 fusion-builder-column-0 fusion-one-full fusion-column-first fusion-column-last 1_1\"  style='margin-top:0px;margin-bottom:20px;'><div class=\"fusion-column-wrapper\" style=\"padding: 0px 0px 0px 0px;background-position:left top;background-repeat:no-repeat;-webkit-background-size:cover;-moz-background-size:cover;-o-background-size:cover;background-size:cover;\"   data-bg-url=\"\"><div class=\"fusion-text\"><h2 style=\"text-align: center;\"><span style=\"color: #008555;\">VIDEOS DE SANBER QU\u00cdMICA<\/span><\/h2>\n<\/div><div class=\"fusion-clearfix\"><\/div><\/div><\/div><div  data-animationType=fadeInUp data-animationDuration=0.3 data-animationOffset=100% class=\"fusion-layout-column fusion_builder_column fusion_builder_column_3_4 fusion-builder-column-1 fusion-three-fourth fusion-column-first fusion-animated 3_4\"  style='margin-top:0px;margin-bottom:20px;width:75%;width:calc(75% - ( ( 4% ) * 0.75 ) );margin-right: 4%;'><div class=\"fusion-column-wrapper\" style=\"padding: 0px 0px 0px 0px;background-position:left top;background-repeat:no-repeat;-webkit-background-size:cover;-moz-background-size:cover;-o-background-size:cover;background-size:cover;\"   data-bg-url=\"\"><div class=\"fusion-text\"><h2 style=\"text-align: center;\"><iframe loading=\"lazy\" src=\"https:\/\/www.youtube.com\/embed\/lxBbCJAEzPw?si=3aRLSU45vWoo5L9p\" name=\"iframe\" width=\"100%\" height=\"500\" frameborder=\"0\" allowfullscreen=\"allowfullscreen\"><\/iframe><\/h2>\n<\/div><div class=\"fusion-clearfix\"><\/div><\/div><\/div><div  class=\"fusion-layout-column fusion_builder_column fusion_builder_column_1_4 fusion-builder-column-2 fusion-one-fourth fusion-column-last 1_4\"  style='margin-top:0px;margin-bottom:20px;width:25%;width:calc(25% - ( ( 4% ) * 0.25 ) );'><div class=\"fusion-column-wrapper\" style=\"padding: 0px 0px 0px 0px;background-position:left top;background-repeat:no-repeat;-webkit-background-size:cover;-moz-background-size:cover;-o-background-size:cover;background-size:cover;\"   data-bg-url=\"\"><div class=\"fusion-text\"><p><a title=\"Webinar: L\u00edquidos Penetrantes\" href=\"https:\/\/www.youtube.com\/embed\/lxBbCJAEzPw?si=qxRNODDzz920kvJI;autoplay=1\" target=\"iframe\" rel=\"noopener noreferrer\"><img loading=\"lazy\" decoding=\"async\" class=\"alignnone size-full wp-image-2896\" src=\"https:\/\/sanber.com.mx\/quimicos\/wp-content\/uploads\/2025\/07\/sanber-webinar-liquidos-penetrantes-miniatura-1.webp\" alt=\"\" width=\"389\" height=\"65\" \/><\/a><\/p>\n<p><a title=\"Sistema ep\u00f3xico para pisos industriales\" href=\"https:\/\/www.youtube.com\/embed\/0lL_x5Wjmv0?list=PL-X55Wm139ITUfYO5bHo49tMfWaXDLbmq&amp;autoplay=1\" target=\"iframe\" rel=\"noopener noreferrer\"><img loading=\"lazy\" decoding=\"async\" class=\"alignnone size-full wp-image-2896\" src=\"https:\/\/sanber.com.mx\/quimicos\/wp-content\/uploads\/2021\/08\/sanber-epo-sb-1050.jpg\" alt=\"\" width=\"389\" height=\"65\" \/><\/a><\/p>\n<p><a title=\"Sanitizante nebulizable y termonebulizable\" href=\"https:\/\/www.youtube.com\/embed\/0Ij-HtVKpT4?list=PL-X55Wm139ITUfYO5bHo49tMfWaXDLbmq&amp;autoplay=1\" target=\"iframe\" rel=\"noopener noreferrer\"><img loading=\"lazy\" decoding=\"async\" class=\"alignnone size-full wp-image-2896\" src=\"https:\/\/sanber.com.mx\/quimicos\/wp-content\/uploads\/2021\/06\/sanber-protobac.jpg\" alt=\"\" width=\"389\" height=\"65\" \/><\/a><\/p>\n<p><a title=\"Gel germicida para manos\" href=\"https:\/\/www.youtube.com\/embed\/Xx5X4kvq1YM?list=PL-X55Wm139ITUfYO5bHo49tMfWaXDLbmq&amp;autoplay=1\" target=\"iframe\" rel=\"noopener noreferrer\"><img loading=\"lazy\" decoding=\"async\" class=\"alignnone size-full wp-image-2896\" src=\"https:\/\/sanber.com.mx\/quimicos\/wp-content\/uploads\/2021\/06\/sanber-isogel-video.jpg\" alt=\"\" width=\"389\" height=\"65\" \/><\/a><\/p>\n<p><a title=\"Repelente de humedad para paredes\" href=\"https:\/\/www.youtube.com\/embed\/xupwaZ7Jpi0?list=PL-X55Wm139ITUfYO5bHo49tMfWaXDLbmq&amp;autoplay=1\" target=\"iframe\" rel=\"noopener noreferrer\"><img loading=\"lazy\" decoding=\"async\" class=\"alignnone size-full wp-image-2896\" src=\"https:\/\/sanber.com.mx\/quimicos\/wp-content\/uploads\/2021\/06\/sanber-replex-video.jpg\" alt=\"\" width=\"389\" height=\"65\" \/><\/a><\/p>\n<p><a title=\"Pruebas no destructivas en placa Hoffman\" href=\"https:\/\/www.youtube.com\/embed\/yRNcqbJfo-M?list=PL-X55Wm139ITUfYO5bHo49tMfWaXDLbmq&amp;autoplay=1\" target=\"iframe\" rel=\"noopener noreferrer\"><img loading=\"lazy\" decoding=\"async\" class=\"alignnone size-full wp-image-2896\" src=\"https:\/\/sanber.com.mx\/quimicos\/wp-content\/uploads\/2021\/06\/sanber-placa-hoffman-video.jpg\" alt=\"\" width=\"389\" height=\"65\" \/><\/a><\/p>\n<p><a title=\"Crema desengrasante limpiadora de manos\" href=\"https:\/\/www.youtube.com\/embed\/Q9a7evd8kUI?list=PL-X55Wm139ITUfYO5bHo49tMfWaXDLbmq&amp;autoplay=1\" target=\"iframe\" rel=\"noopener noreferrer\"><img loading=\"lazy\" decoding=\"async\" class=\"alignnone size-full wp-image-2896\" src=\"https:\/\/sanber.com.mx\/quimicos\/wp-content\/uploads\/2021\/08\/citrocrem-plus-sanber-quimica.jpg\" alt=\"\" width=\"389\" height=\"65\" \/><\/a><\/p>\n<p><a title=\"Desmanchador y blanqueador en polvo\" href=\"https:\/\/www.youtube.com\/embed\/CdlA2XSk0kw?list=PL-X55Wm139ITUfYO5bHo49tMfWaXDLbmq&amp;autoplay=1\" target=\"iframe\" rel=\"noopener noreferrer\"><img loading=\"lazy\" decoding=\"async\" class=\"alignnone size-full wp-image-2896\" src=\"https:\/\/sanber.com.mx\/quimicos\/wp-content\/uploads\/2021\/08\/sanber-quimica-oxilim.jpg\" alt=\"\" width=\"389\" height=\"65\" \/><\/a><\/p>\n<p><a title=\"Aerosol para m\u00faltiples aplicaciones\" href=\"https:\/\/www.youtube.com\/embed\/1ou-X-DlxuM?list=PL-X55Wm139ITUfYO5bHo49tMfWaXDLbmq&amp;autoplay=1\" target=\"iframe\" rel=\"noopener noreferrer\"><img loading=\"lazy\" decoding=\"async\" class=\"alignnone size-full wp-image-2896\" src=\"https:\/\/sanber.com.mx\/quimicos\/wp-content\/uploads\/2021\/08\/sb-90-sanber-quimica.jpg\" alt=\"\" width=\"389\" height=\"65\" \/><\/a><\/p>\n<p><a title=\"Aerosoles reveladores de fallas\" href=\"https:\/\/www.youtube.com\/embed\/Ud8r14HKquk?list=PL-X55Wm139ITUfYO5bHo49tMfWaXDLbmq&amp;autoplay=1\" target=\"iframe\" rel=\"noopener noreferrer\"><img loading=\"lazy\" decoding=\"async\" class=\"alignnone size-full wp-image-2896\" src=\"https:\/\/sanber.com.mx\/quimicos\/wp-content\/uploads\/2021\/08\/sanber-aerosoles-reveladores.jpg\" alt=\"\" width=\"389\" height=\"65\" \/><\/a><\/p>\n<p><a title=\"Auxiliar en la inspecci\u00f3n de materiales\" href=\"https:\/\/www.youtube.com\/embed\/S1SsXMZsOq4?list=PL-X55Wm139ITUfYO5bHo49tMfWaXDLbmq&amp;autoplay=1\" target=\"iframe\" rel=\"noopener noreferrer\"><img loading=\"lazy\" decoding=\"async\" class=\"alignnone size-full wp-image-2896\" src=\"https:\/\/sanber.com.mx\/quimicos\/wp-content\/uploads\/2021\/08\/sanber-quimica-faultchek-f.jpg\" alt=\"\" width=\"389\" height=\"65\" \/><\/a><\/p>\n<p><a title=\"L\u00edquido viscoso empleado en la remoci\u00f3n de \u00f3xidos\" href=\"https:\/\/www.youtube.com\/embed\/53JTg8vQB-8?list=PL-X55Wm139ITUfYO5bHo49tMfWaXDLbmq&amp;autoplay=1\" target=\"iframe\" rel=\"noopener noreferrer\"><img loading=\"lazy\" decoding=\"async\" class=\"alignnone size-full wp-image-2896\" src=\"https:\/\/sanber.com.mx\/quimicos\/wp-content\/uploads\/2021\/08\/sanber-quimica-ultrametal.jpg\" alt=\"\" width=\"389\" height=\"65\" \/><\/a><\/p>\n<p><a title=\"Champ\u00fa para alfrombras\" href=\"https:\/\/www.youtube.com\/embed\/tcsFz97xvb8?list=PL-X55Wm139ITUfYO5bHo49tMfWaXDLbmq&amp;autoplay=1\" target=\"iframe\" rel=\"noopener noreferrer\"><img loading=\"lazy\" decoding=\"async\" class=\"alignnone size-full wp-image-2896\" src=\"https:\/\/sanber.com.mx\/quimicos\/wp-content\/uploads\/2021\/08\/sanber-quimica-alfosham.jpg\" alt=\"\" width=\"389\" height=\"65\" \/><\/a><\/p>\n<p><a title=\"Penetra y protege vinilo, hules, pl\u00e1sticos, pieles tratadas, y otros materiales\" href=\"https:\/\/www.youtube.com\/embed\/OJ5TS8-a1o0?list=PL-X55Wm139ITUfYO5bHo49tMfWaXDLbmq&amp;autoplay=1\" target=\"iframe\" rel=\"noopener noreferrer\"><img loading=\"lazy\" decoding=\"async\" class=\"alignnone size-full wp-image-2896\" src=\"https:\/\/sanber.com.mx\/quimicos\/wp-content\/uploads\/2021\/08\/sanber-brillamil.jpg\" alt=\"\" width=\"389\" height=\"65\" \/><\/a><\/p>\n<p><a title=\"Champ\u00fa concentrado para carrocer\u00edas de autos\" href=\"https:\/\/www.youtube.com\/embed\/l0grOYASwsc?list=PL-X55Wm139ITUfYO5bHo49tMfWaXDLbmq&amp;autoplay=1\" target=\"iframe\" rel=\"noopener noreferrer\"><img loading=\"lazy\" decoding=\"async\" class=\"alignnone size-full wp-image-2896\" src=\"https:\/\/sanber.com.mx\/quimicos\/wp-content\/uploads\/2021\/08\/sanber-quimica-autobril.jpg\" alt=\"\" width=\"389\" height=\"65\" \/><\/a><\/p>\n<p><a title=\"Cosm\u00e9tico para Motores\" href=\"https:\/\/www.youtube.com\/embed\/Cm5ttTjnHks?list=PL-X55Wm139ITUfYO5bHo49tMfWaXDLbmq&amp;autoplay=1\" target=\"iframe\" rel=\"noopener noreferrer\"><img loading=\"lazy\" decoding=\"async\" class=\"alignnone size-full wp-image-2896\" src=\"https:\/\/sanber.com.mx\/quimicos\/wp-content\/uploads\/2021\/08\/sanber-quimica-motobril.jpg\" alt=\"\" width=\"389\" height=\"65\" \/><\/a><\/p>\n<p><a title=\"Desengrasante a base de solventes\" href=\"https:\/\/www.youtube.com\/embed\/CBCTbXw-iYU?list=PL-X55Wm139ITUfYO5bHo49tMfWaXDLbmq&amp;autoplay=1\" target=\"iframe\" rel=\"noopener noreferrer\"><img loading=\"lazy\" decoding=\"async\" class=\"alignnone size-full wp-image-2896\" src=\"https:\/\/sanber.com.mx\/quimicos\/wp-content\/uploads\/2021\/08\/sanber-quimica-defat-1.jpg\" alt=\"\" width=\"389\" height=\"65\" \/><\/a><\/p>\n<p><a title=\"Protector de car\u00e1cter hidr\u00f3fugo formulado a base de solventes y protectores\" href=\"https:\/\/www.youtube.com\/embed\/skz8qOXeG2A?list=PL-X55Wm139ITUfYO5bHo49tMfWaXDLbmq&amp;autoplay=1\" target=\"iframe\" rel=\"noopener noreferrer\"><img loading=\"lazy\" decoding=\"async\" class=\"alignnone size-full wp-image-2896\" src=\"https:\/\/sanber.com.mx\/quimicos\/wp-content\/uploads\/2021\/08\/sanber-quimica-desplazador-de-humedad.jpg\" alt=\"\" width=\"389\" height=\"65\" \/><\/a><\/p>\n<p><a title=\"Qu\u00edmico desengrasante de naturaleza diel\u00e9ctrica\" href=\"https:\/\/www.youtube.com\/embed\/NTU_sV2KIus?list=PL-X55Wm139ITUfYO5bHo49tMfWaXDLbmq&amp;autoplay=1\" target=\"iframe\" rel=\"noopener noreferrer\"><img loading=\"lazy\" decoding=\"async\" class=\"alignnone size-full wp-image-2896\" src=\"https:\/\/sanber.com.mx\/quimicos\/wp-content\/uploads\/2021\/08\/sanber-sd-25-solvente-desengrasante.jpg\" alt=\"\" width=\"389\" height=\"65\" \/><\/a><\/p>\n<p><a title=\"Poderoso desengrasante alcalino base agua\" href=\"https:\/\/www.youtube.com\/embed\/TtXcgDbkVU0?list=PL-X55Wm139ITUfYO5bHo49tMfWaXDLbmq&amp;autoplay=1\" target=\"iframe\" rel=\"noopener noreferrer\"><img loading=\"lazy\" decoding=\"async\" class=\"alignnone size-full wp-image-2896\" src=\"https:\/\/sanber.com.mx\/quimicos\/wp-content\/uploads\/2021\/08\/sanber-quimica-g-1.jpg\" alt=\"\" width=\"389\" height=\"65\" \/><\/a><\/p>\n<p><a title=\"Desoxidante \u00e1cido para metales\" href=\"https:\/\/www.youtube.com\/embed\/UutTZJAiZlQ?list=PL-X55Wm139ITUfYO5bHo49tMfWaXDLbmq&amp;autoplay=1\" target=\"iframe\" rel=\"noopener noreferrer\"><img loading=\"lazy\" decoding=\"async\" class=\"alignnone size-full wp-image-2896\" src=\"https:\/\/sanber.com.mx\/quimicos\/wp-content\/uploads\/2021\/08\/sanber-lam-60-desoxidante-acido.jpg\" alt=\"\" width=\"389\" height=\"65\" \/><\/a><\/p>\n<p><a title=\"Limpiador para aires acondicionados\" href=\"https:\/\/www.youtube.com\/embed\/3sqSOSlOQBU?list=PL-X55Wm139ITUfYO5bHo49tMfWaXDLbmq&amp;autoplay=1\" target=\"iframe\" rel=\"noopener noreferrer\"><img loading=\"lazy\" decoding=\"async\" class=\"alignnone size-full wp-image-2896\" src=\"https:\/\/sanber.com.mx\/quimicos\/wp-content\/uploads\/2021\/08\/sanber-panel-klinn.jpg\" alt=\"\" width=\"389\" height=\"65\" \/><\/a><\/p>\n<p><a title=\"Limpiador para maquinas de cubos de hielo\" href=\"https:\/\/www.youtube.com\/embed\/UnCmmSZFhcs?list=PL-X55Wm139ITUfYO5bHo49tMfWaXDLbmq&amp;autoplay=1\" target=\"iframe\" rel=\"noopener noreferrer\"><img loading=\"lazy\" decoding=\"async\" class=\"alignnone size-full wp-image-2896\" src=\"https:\/\/sanber.com.mx\/quimicos\/wp-content\/uploads\/2021\/08\/sanber-uv-410.jpg\" alt=\"\" width=\"389\" height=\"65\" \/><\/a><\/p>\n<p><a title=\"Removedor de Sellos y Pinturas\" href=\"https:\/\/www.youtube.com\/embed\/8696R2xJ578?list=PL-X55Wm139ITUfYO5bHo49tMfWaXDLbmq&amp;autoplay=1\" target=\"iframe\" rel=\"noopener noreferrer\"><img loading=\"lazy\" decoding=\"async\" class=\"alignnone size-full wp-image-2896\" src=\"https:\/\/sanber.com.mx\/quimicos\/wp-content\/uploads\/2021\/08\/sanber-demobril.jpg\" alt=\"\" width=\"389\" height=\"65\" \/><\/a><\/p>\n<\/div><div class=\"fusion-clearfix\"><\/div><\/div><\/div><\/div><\/div><style type=\"text\/css\">.fusion-fullwidth.fusion-builder-row-1 a:not(.fusion-button):not(.fusion-builder-module-control):not(.fusion-social-network-icon):not(.fb-icon-element):not(.fusion-countdown-link):not(.fusion-rollover-link):not(.fusion-rollover-gallery):not(.add_to_cart_button):not(.show_details_button):not(.product_type_external):not(.fusion-quick-view):not(.fusion-rollover-title-link) , .fusion-fullwidth.fusion-builder-row-1 a:not(.fusion-button):not(.fusion-builder-module-control):not(.fusion-social-network-icon):not(.fb-icon-element):not(.fusion-countdown-link):not(.fusion-rollover-link):not(.fusion-rollover-gallery):not(.add_to_cart_button):not(.show_details_button):not(.product_type_external):not(.fusion-quick-view):not(.fusion-rollover-title-link):before, .fusion-fullwidth.fusion-builder-row-1 a:not(.fusion-button):not(.fusion-builder-module-control):not(.fusion-social-network-icon):not(.fb-icon-element):not(.fusion-countdown-link):not(.fusion-rollover-link):not(.fusion-rollover-gallery):not(.add_to_cart_button):not(.show_details_button):not(.product_type_external):not(.fusion-quick-view):not(.fusion-rollover-title-link):after {color: #212934;}.fusion-fullwidth.fusion-builder-row-1 a:not(.fusion-button):not(.fusion-builder-module-control):not(.fusion-social-network-icon):not(.fb-icon-element):not(.fusion-countdown-link):not(.fusion-rollover-link):not(.fusion-rollover-gallery):not(.add_to_cart_button):not(.show_details_button):not(.product_type_external):not(.fusion-quick-view):not(.fusion-rollover-title-link):hover, .fusion-fullwidth.fusion-builder-row-1 a:not(.fusion-button):not(.fusion-builder-module-control):not(.fusion-social-network-icon):not(.fb-icon-element):not(.fusion-countdown-link):not(.fusion-rollover-link):not(.fusion-rollover-gallery):not(.add_to_cart_button):not(.show_details_button):not(.product_type_external):not(.fusion-quick-view):not(.fusion-rollover-title-link):hover:before, .fusion-fullwidth.fusion-builder-row-1 a:not(.fusion-button):not(.fusion-builder-module-control):not(.fusion-social-network-icon):not(.fb-icon-element):not(.fusion-countdown-link):not(.fusion-rollover-link):not(.fusion-rollover-gallery):not(.add_to_cart_button):not(.show_details_button):not(.product_type_external):not(.fusion-quick-view):not(.fusion-rollover-title-link):hover:after {color: #65bc7b;}.fusion-fullwidth.fusion-builder-row-1 .pagination a.inactive:hover, .fusion-fullwidth.fusion-builder-row-1 .fusion-filters .fusion-filter.fusion-active a {border-color: #65bc7b;}.fusion-fullwidth.fusion-builder-row-1 .pagination .current {border-color: #65bc7b; background-color: #65bc7b;}.fusion-fullwidth.fusion-builder-row-1 .fusion-filters .fusion-filter.fusion-active a, .fusion-fullwidth.fusion-builder-row-1 .fusion-date-and-formats .fusion-format-box, .fusion-fullwidth.fusion-builder-row-1 .fusion-popover, .fusion-fullwidth.fusion-builder-row-1 .tooltip-shortcode {color: #65bc7b;}#main .fusion-fullwidth.fusion-builder-row-1 .post .blog-shortcode-post-title a:hover {color: #65bc7b;}<\/style>\n","protected":false},"excerpt":{"rendered":"","protected":false},"author":1,"featured_media":0,"parent":0,"menu_order":0,"comment_status":"closed","ping_status":"closed","template":"","meta":{"footnotes":""},"class_list":["post-247","page","type-page","status-publish","hentry"],"aioseo_notices":[],"_links":{"self":[{"href":"https:\/\/sanber.com.mx\/quimicos\/wp-json\/wp\/v2\/pages\/247","targetHints":{"allow":["GET"]}}],"collection":[{"href":"https:\/\/sanber.com.mx\/quimicos\/wp-json\/wp\/v2\/pages"}],"about":[{"href":"https:\/\/sanber.com.mx\/quimicos\/wp-json\/wp\/v2\/types\/page"}],"author":[{"embeddable":true,"href":"https:\/\/sanber.com.mx\/quimicos\/wp-json\/wp\/v2\/users\/1"}],"replies":[{"embeddable":true,"href":"https:\/\/sanber.com.mx\/quimicos\/wp-json\/wp\/v2\/comments?post=247"}],"version-history":[{"count":45,"href":"https:\/\/sanber.com.mx\/quimicos\/wp-json\/wp\/v2\/pages\/247\/revisions"}],"predecessor-version":[{"id":13309,"href":"https:\/\/sanber.com.mx\/quimicos\/wp-json\/wp\/v2\/pages\/247\/revisions\/13309"}],"wp:attachment":[{"href":"https:\/\/sanber.com.mx\/quimicos\/wp-json\/wp\/v2\/media?parent=247"}],"curies":[{"name":"wp","href":"https:\/\/api.w.org\/{rel}","templated":true}]}}